{"id":787,"date":"2025-02-16T10:35:40","date_gmt":"2025-02-16T05:05:40","guid":{"rendered":"https:\/\/navein.tanshcreative.com\/?page_id=787"},"modified":"2025-04-12T03:26:28","modified_gmt":"2025-04-12T03:26:28","slug":"servicos","status":"publish","type":"page","link":"https:\/\/gilvandosouza.com\/en\/servicos\/","title":{"rendered":"Services"},"content":{"rendered":"<div data-elementor-type=\"wp-page\" data-elementor-id=\"787\" class=\"elementor elementor-787\" data-elementor-post-type=\"page\">\n\t\t\t\t<div class=\"elementor-element elementor-element-41cf414 e-flex e-con-boxed e-con e-parent\" data-id=\"41cf414\" data-element_type=\"container\" data-e-type=\"container\">\n\t\t\t\t\t<div class=\"e-con-inner\">\n\t\t<div class=\"elementor-element elementor-element-809022d e-con-full e-flex e-con e-child\" data-id=\"809022d\" data-element_type=\"container\" data-e-type=\"container\">\n\t\t\t\t<div class=\"elementor-element elementor-element-f2784be elementor-widget elementor-widget-dtr-heading\" data-id=\"f2784be\" data-element_type=\"widget\" data-e-type=\"widget\" data-widget_type=\"dtr-heading.default\">\n\t\t\t\t<div class=\"elementor-widget-container\">\n\t\t\t\t\t\t\t<div class=\"dtr-heading-wrapper\">\r\n                \t<h2 class=\"dtr-heading\">Personalized solutions designed for you<\/h2>\r\n        \t\t<\/div>\r\n\t\t\t\t<\/div>\n\t\t\t\t<\/div>\n\t\t\t\t<\/div>\n\t\t<div class=\"elementor-element elementor-element-03150d6 e-con-full e-flex e-con e-child\" data-id=\"03150d6\" data-element_type=\"container\" data-e-type=\"container\">\n\t\t<div class=\"elementor-element elementor-element-1ffa271 e-grid e-con-full e-con e-child\" data-id=\"1ffa271\" data-element_type=\"container\" data-e-type=\"container\">\n\t\t\t\t<div class=\"elementor-element elementor-element-d819798 elementor-widget elementor-widget-dtr-number-feature\" data-id=\"d819798\" data-element_type=\"widget\" data-e-type=\"widget\" data-widget_type=\"dtr-number-feature.default\">\n\t\t\t\t<div class=\"elementor-widget-container\">\n\t\t\t\t\t        <div class=\"dtr-number-feature dtr-radius--rounded\"> \r\n\t\t\t\t\t\t<a class=\"dtr-wrapping-link\" href=\"https:\/\/gilvandosouza.com\/en\/servicos\/ux-design\/\" role=\"button\"><\/a>\r\n\t\t\t<div class=\"dtr-number-feature__link\"><\/div>   \r\n\t\t\t           \r\n                            <div class=\"dtr-number-feature__number\">1<\/div>\r\n              \r\n            <div class=\"dtr-number-feature__content\">\r\n                                    <h4 class=\"dtr-number-feature__heading\">UX Design<\/h4>\r\n                                                     <div class=\"dtr-number-feature__text\">Creation of intuitive and practical experiences, aligned with user needs and client goals. My work includes research, prototyping, and usability to ensure smooth interactions.<\/div>\r\n                            <\/div>\r\n        <\/div>\r\n\t\t\t\t<\/div>\n\t\t\t\t<\/div>\n\t\t\t\t<div class=\"elementor-element elementor-element-9f93fcb elementor-widget elementor-widget-dtr-number-feature\" data-id=\"9f93fcb\" data-element_type=\"widget\" data-e-type=\"widget\" data-widget_type=\"dtr-number-feature.default\">\n\t\t\t\t<div class=\"elementor-widget-container\">\n\t\t\t\t\t        <div class=\"dtr-number-feature dtr-radius--rounded\"> \r\n\t\t\t\t\t\t<a class=\"dtr-wrapping-link\" href=\"https:\/\/gilvandosouza.com\/en\/servicos\/ui-design\/\" role=\"button\"><\/a>\r\n\t\t\t<div class=\"dtr-number-feature__link\"><\/div>   \r\n\t\t\t           \r\n                            <div class=\"dtr-number-feature__number\">2<\/div>\r\n              \r\n            <div class=\"dtr-number-feature__content\">\r\n                                    <h4 class=\"dtr-number-feature__heading\">UI Design<\/h4>\r\n                                                     <div class=\"dtr-number-feature__text\">I design visual interfaces that blend aesthetics with functionality, ensuring intuitive navigation. My work features high-fidelity prototyping and interactive elements, always centered on delivering exceptional user experiences.<\/div>\r\n                            <\/div>\r\n        <\/div>\r\n\t\t\t\t<\/div>\n\t\t\t\t<\/div>\n\t\t\t\t<\/div>\n\t\t<div class=\"elementor-element elementor-element-a3c633c e-grid e-con-full e-con e-child\" data-id=\"a3c633c\" data-element_type=\"container\" data-e-type=\"container\">\n\t\t\t\t<div class=\"elementor-element elementor-element-8f991d6 elementor-widget elementor-widget-dtr-number-feature\" data-id=\"8f991d6\" data-element_type=\"widget\" data-e-type=\"widget\" data-widget_type=\"dtr-number-feature.default\">\n\t\t\t\t<div class=\"elementor-widget-container\">\n\t\t\t\t\t        <div class=\"dtr-number-feature dtr-radius--rounded\"> \r\n\t\t\t\t\t\t<a class=\"dtr-wrapping-link\" href=\"https:\/\/gilvandosouza.com\/en\/servicos\/product-design\/\" role=\"button\"><\/a>\r\n\t\t\t<div class=\"dtr-number-feature__link\"><\/div>   \r\n\t\t\t           \r\n                            <div class=\"dtr-number-feature__number\">3<\/div>\r\n              \r\n            <div class=\"dtr-number-feature__content\">\r\n                                    <h4 class=\"dtr-number-feature__heading\">Product Design<\/h4>\r\n                                                     <div class=\"dtr-number-feature__text\">Development of functional and innovative solutions focused on creating products that meet audience needs. My work combines research, concept development, and design to deliver impactful, user-centered products.<\/div>\r\n                            <\/div>\r\n        <\/div>\r\n\t\t\t\t<\/div>\n\t\t\t\t<\/div>\n\t\t\t\t<div class=\"elementor-element elementor-element-43a2aad elementor-widget elementor-widget-dtr-number-feature\" data-id=\"43a2aad\" data-element_type=\"widget\" data-e-type=\"widget\" data-widget_type=\"dtr-number-feature.default\">\n\t\t\t\t<div class=\"elementor-widget-container\">\n\t\t\t\t\t        <div class=\"dtr-number-feature dtr-radius--rounded\"> \r\n\t\t\t\t\t\t<a class=\"dtr-wrapping-link\" href=\"https:\/\/gilvandosouza.com\/en\/servicos\/web-design\/\" role=\"button\"><\/a>\r\n\t\t\t<div class=\"dtr-number-feature__link\"><\/div>   \r\n\t\t\t           \r\n                            <div class=\"dtr-number-feature__number\">4<\/div>\r\n              \r\n            <div class=\"dtr-number-feature__content\">\r\n                                    <h4 class=\"dtr-number-feature__heading\">Web Design<\/h4>\r\n                                                     <div class=\"dtr-number-feature__text\">Development of modern and responsive websites and landing pages, designed to deliver functionality, aesthetics, and smooth navigation across all devices.<\/div>\r\n                            <\/div>\r\n        <\/div>\r\n\t\t\t\t<\/div>\n\t\t\t\t<\/div>\n\t\t\t\t<\/div>\n\t\t<div class=\"elementor-element elementor-element-31cb6f6 e-grid e-con-full e-con e-child\" data-id=\"31cb6f6\" data-element_type=\"container\" data-e-type=\"container\">\n\t\t\t\t<div class=\"elementor-element elementor-element-cf5e7c6 elementor-widget elementor-widget-dtr-number-feature\" data-id=\"cf5e7c6\" data-element_type=\"widget\" data-e-type=\"widget\" data-widget_type=\"dtr-number-feature.default\">\n\t\t\t\t<div class=\"elementor-widget-container\">\n\t\t\t\t\t        <div class=\"dtr-number-feature dtr-radius--rounded\"> \r\n\t\t\t\t\t\t<a class=\"dtr-wrapping-link\" href=\"https:\/\/gilvandosouza.com\/en\/servicos\/e-commerce\/\" role=\"button\"><\/a>\r\n\t\t\t<div class=\"dtr-number-feature__link\"><\/div>   \r\n\t\t\t           \r\n                            <div class=\"dtr-number-feature__number\">5<\/div>\r\n              \r\n            <div class=\"dtr-number-feature__content\">\r\n                                    <h4 class=\"dtr-number-feature__heading\">E-Commerce<\/h4>\r\n                                                     <div class=\"dtr-number-feature__text\">Efficient and customized online store development using WooCommerce, Shopify, and Nuvem Shop, featuring responsive design, payment integration, and strategies to boost sales.<\/div>\r\n                            <\/div>\r\n        <\/div>\r\n\t\t\t\t<\/div>\n\t\t\t\t<\/div>\n\t\t\t\t<div class=\"elementor-element elementor-element-b4ebcc9 elementor-widget elementor-widget-dtr-number-feature\" data-id=\"b4ebcc9\" data-element_type=\"widget\" data-e-type=\"widget\" data-widget_type=\"dtr-number-feature.default\">\n\t\t\t\t<div class=\"elementor-widget-container\">\n\t\t\t\t\t        <div class=\"dtr-number-feature dtr-radius--rounded\"> \r\n\t\t\t\t\t\t<a class=\"dtr-wrapping-link\" href=\"https:\/\/gilvandosouza.com\/en\/servicos\/branding-design\/\" role=\"button\"><\/a>\r\n\t\t\t<div class=\"dtr-number-feature__link\"><\/div>   \r\n\t\t\t           \r\n                            <div class=\"dtr-number-feature__number\">6<\/div>\r\n              \r\n            <div class=\"dtr-number-feature__content\">\r\n                                    <h4 class=\"dtr-number-feature__heading\">Branding &amp; Design <\/h4>\r\n                                                     <div class=\"dtr-number-feature__text\">Creation of unique brands and impactful graphic materials that communicate messages with clarity and authenticity \u2014 aligning visual elements with strategies that attract and connect with audiences.<\/div>\r\n                            <\/div>\r\n        <\/div>\r\n\t\t\t\t<\/div>\n\t\t\t\t<\/div>\n\t\t\t\t<\/div>\n\t\t\t\t<\/div>\n\t\t\t\t\t<\/div>\n\t\t\t\t<\/div>\n\t\t<div class=\"elementor-element elementor-element-7a4a06f e-con-full e-flex e-con e-parent\" data-id=\"7a4a06f\" data-element_type=\"container\" data-e-type=\"container\">\n\t\t\t\t<div class=\"elementor-element elementor-element-7bc594a elementor-widget-divider--view-line elementor-widget elementor-widget-divider\" data-id=\"7bc594a\" data-element_type=\"widget\" data-e-type=\"widget\" data-widget_type=\"divider.default\">\n\t\t\t\t<div class=\"elementor-widget-container\">\n\t\t\t\t\t\t\t<div class=\"elementor-divider\">\n\t\t\t<span class=\"elementor-divider-separator\">\n\t\t\t\t\t\t<\/span>\n\t\t<\/div>\n\t\t\t\t\t\t<\/div>\n\t\t\t\t<\/div>\n\t\t\t\t<\/div>\n\t\t<div class=\"elementor-element elementor-element-17c1e5a e-flex e-con-boxed e-con e-parent\" data-id=\"17c1e5a\" data-element_type=\"container\" data-e-type=\"container\">\n\t\t\t\t\t<div class=\"e-con-inner\">\n\t\t<div class=\"elementor-element elementor-element-be422db e-con-full e-flex e-con e-child\" data-id=\"be422db\" data-element_type=\"container\" data-e-type=\"container\">\n\t\t\t\t<div class=\"elementor-element elementor-element-a5482ab elementor-widget elementor-widget-dtr-subheading\" data-id=\"a5482ab\" data-element_type=\"widget\" data-e-type=\"widget\" data-widget_type=\"dtr-subheading.default\">\n\t\t\t\t<div class=\"elementor-widget-container\">\n\t\t\t\t\t\t    <div class=\"dtr-subheading-wrapper text-center\">\r\n                 \t<h2 class=\"dtr-subheading\">Testimonials\n<\/h2>\r\n        \t\t<\/div>\r\n\t\t\t\t<\/div>\n\t\t\t\t<\/div>\n\t\t<div class=\"elementor-element elementor-element-5a058fe e-con-full e-flex e-con e-child\" data-id=\"5a058fe\" data-element_type=\"container\" data-e-type=\"container\">\n\t\t\t\t<div class=\"elementor-element elementor-element-f5a0c02 elementor-widget elementor-widget-dtr-heading\" data-id=\"f5a0c02\" data-element_type=\"widget\" data-e-type=\"widget\" data-widget_type=\"dtr-heading.default\">\n\t\t\t\t<div class=\"elementor-widget-container\">\n\t\t\t\t\t\t\t<div class=\"dtr-heading-wrapper text-center\">\r\n                \t<h2 class=\"dtr-heading\">Feedback that Makes a Difference...<\/h2>\r\n        \t\t<\/div>\r\n\t\t\t\t<\/div>\n\t\t\t\t<\/div>\n\t\t\t\t<\/div>\n\t\t\t\t<\/div>\n\t\t<div class=\"elementor-element elementor-element-748890c e-con-full e-flex e-con e-child\" data-id=\"748890c\" data-element_type=\"container\" data-e-type=\"container\">\n\t\t<div class=\"elementor-element elementor-element-7b3f7cd e-con-full e-flex e-con e-child\" data-id=\"7b3f7cd\" data-element_type=\"container\" data-e-type=\"container\">\n\t\t\t\t<div class=\"elementor-element elementor-element-e853f45 elementor-widget elementor-widget-dtr-theme_icon\" data-id=\"e853f45\" data-element_type=\"widget\" data-e-type=\"widget\" data-widget_type=\"dtr-theme_icon.default\">\n\t\t\t\t<div class=\"elementor-widget-container\">\n\t\t\t\t\t   \r\n        <div class=\"dtr-icon dtr-theme-icon\">\r\n\t\t\t   \r\n                                 <i class=\"icon-quote-line\" aria-hidden=\"true\"><\/i>\r\n             \t\t\t        <\/div>       \r\n\t\t\t\t<\/div>\n\t\t\t\t<\/div>\n\t\t\t\t<div class=\"elementor-element elementor-element-eabf503 elementor-widget elementor-widget-spacer\" data-id=\"eabf503\" data-element_type=\"widget\" data-e-type=\"widget\" data-widget_type=\"spacer.default\">\n\t\t\t\t<div class=\"elementor-widget-container\">\n\t\t\t\t\t\t\t<div class=\"elementor-spacer\">\n\t\t\t<div class=\"elementor-spacer-inner\"><\/div>\n\t\t<\/div>\n\t\t\t\t\t\t<\/div>\n\t\t\t\t<\/div>\n\t\t\t\t<div class=\"elementor-element elementor-element-345cb31 elementor-widget elementor-widget-dtr-testimonial-carousel\" data-id=\"345cb31\" data-element_type=\"widget\" data-e-type=\"widget\" data-widget_type=\"dtr-testimonial-carousel.default\">\n\t\t\t\t<div class=\"elementor-widget-container\">\n\t\t\t\t\t<div class=\"swiper dtr-swiper swiper-container dtr-testimonial-carousel dtr-testimonial--2 arrows\" data-swiper-autoplay-delay=\"7000\" data-swiper-autoplay=\"on\" data-swiper-loop=\"true\" data-swiper-columns=\"2\"><div class=\"swiper-wrapper\"><div class=\"swiper-slide\"><div class=\"dtr-testimonial\"><div class=\"dtr-testimonial__text\">\"Fazer minha landing page com o Gil foi uma das melhores decis\u00f5es que tomei. Eu tinha um monte de ideias soltas na cabe\u00e7a, e ele conseguiu organizar tudo de um jeito que fez sentido e ainda traduziu exatamente o que eu queria transmitir.\r\n\r\nJ\u00e1 fui com as expectativas l\u00e1 no alto, porque conhecia outros projetos dele \u2014 e mesmo assim, ele conseguiu me surpreender!\r\n\r\nO Gil \u00e9 artista mesmo. Entrega al\u00e9m do que promete. Confio de olhos fechados! \ud83e\udd29\"<\/div><div class=\"dtr-testimonial__client-info-wrapper\"><div class=\"dtr-testimonial__client-img-wrapper\"><img decoding=\"async\" class=\"dtr-testimonial__client-img\" src=\"https:\/\/gilvandosouza.com\/wp-content\/uploads\/2025\/04\/guilherme-beltrao-70x70.png\" alt=\"Guilherme Beltr\u00e3o\"\/><\/div><div class=\"dtr-testimonial__client-info\"><h5 class=\"dtr-testimonial__client-name\">Guilherme Beltr\u00e3o<\/h5><p class=\"dtr-testimonial__client-job\">Cliente de WebDesign<\/p><\/div><\/div><\/div><\/div><div class=\"swiper-slide\"><div class=\"dtr-testimonial\"><div class=\"dtr-testimonial__text\"><!--StartFragment -->\r\n\r\n\"Sempre fico muito satisfeita com o trabalho do Gil! O processo \u00e9 super tranquilo, com uma comunica\u00e7\u00e3o clara e \u00e1gil, prazos bem definidos e total aten\u00e7\u00e3o aos detalhes.. E o resultado final fica excelente, exatamente como eu imagino. Al\u00e9m da qualidade t\u00e9cnica, o profissionalismo e a dedica\u00e7\u00e3o fazem toda a diferen\u00e7a. Recomendo de olhos fechados!\"<\/div><div class=\"dtr-testimonial__client-info-wrapper\"><div class=\"dtr-testimonial__client-img-wrapper\"><img decoding=\"async\" class=\"dtr-testimonial__client-img\" src=\"https:\/\/gilvandosouza.com\/wp-content\/uploads\/2025\/02\/jennyfhem-70x70.png\" alt=\"Jennyfhem Mendon\u00e7a\"\/><\/div><div class=\"dtr-testimonial__client-info\"><h5 class=\"dtr-testimonial__client-name\">Jennyfhem Mendon\u00e7a<\/h5><p class=\"dtr-testimonial__client-job\">Cliente de Desenvolvimento Web e Design<\/p><\/div><\/div><\/div><\/div><\/div><div class=\"dtr-swiper-nav dtr-swiper-arrow-nav\"><div class=\"dtr-swiper-buttons-wrapper\"><div class=\"swiper-button-prev dtr-swiper-button dtr-testimonial__prev\"><\/div><div class=\"swiper-button-next dtr-swiper-button dtr-testimonial__next\"><\/div><\/div><\/div><\/div>\t\t\t\t<\/div>\n\t\t\t\t<\/div>\n\t\t\t\t<\/div>\n\t\t\t\t<\/div>\n\t\t\t\t\t<\/div>\n\t\t\t\t<\/div>\n\t\t\t\t<\/div>","protected":false},"excerpt":{"rendered":"<p>Servi\u00e7os personalizados para atender \u00e0s suas necessidades. 1 UX Design Cria\u00e7\u00e3o de experi\u00eancias intuitivas e pr\u00e1ticas, alinhadas \u00e0s necessidades dos usu\u00e1rios e objetivos do cliente. Meu trabalho inclui pesquisa, prototipagem e usabilidade para intera\u00e7\u00f5es flu\u00eddas. 2 UI Design Cria\u00e7\u00e3o de interfaces visuais que combinam est\u00e9tica e funcionalidade para garantir navega\u00e7\u00e3o intuitiva. Meu trabalho inclui prototipagem [&hellip;]<\/p>\n","protected":false},"author":1,"featured_media":0,"parent":0,"menu_order":0,"comment_status":"closed","ping_status":"closed","template":"","meta":{"footnotes":""},"class_list":["post-787","page","type-page","status-publish","hentry"],"yoast_head":"<!-- This site is optimized with the Yoast SEO plugin v26.9 - https:\/\/yoast.com\/product\/yoast-seo-wordpress\/ -->\n<title>Servi\u00e7os - Gilvando Souza<\/title>\n<meta name=\"robots\" content=\"index, follow, max-snippet:-1, max-image-preview:large, max-video-preview:-1\" \/>\n<link rel=\"canonical\" href=\"https:\/\/gilvandosouza.com\/en\/servicos\/\" \/>\n<meta property=\"og:locale\" content=\"en_US\" \/>\n<meta property=\"og:type\" content=\"article\" \/>\n<meta property=\"og:title\" content=\"Servi\u00e7os - Gilvando Souza\" \/>\n<meta property=\"og:description\" content=\"Servi\u00e7os personalizados para atender \u00e0s suas necessidades. 1 UX Design Cria\u00e7\u00e3o de experi\u00eancias intuitivas e pr\u00e1ticas, alinhadas \u00e0s necessidades dos usu\u00e1rios e objetivos do cliente. Meu trabalho inclui pesquisa, prototipagem e usabilidade para intera\u00e7\u00f5es flu\u00eddas. 2 UI Design Cria\u00e7\u00e3o de interfaces visuais que combinam est\u00e9tica e funcionalidade para garantir navega\u00e7\u00e3o intuitiva. Meu trabalho inclui prototipagem [&hellip;]\" \/>\n<meta property=\"og:url\" content=\"https:\/\/gilvandosouza.com\/en\/servicos\/\" \/>\n<meta property=\"og:site_name\" content=\"Gilvando Souza\" \/>\n<meta property=\"article:modified_time\" content=\"2025-04-12T03:26:28+00:00\" \/>\n<meta property=\"og:image\" content=\"https:\/\/gilvandosouza.com\/wp-content\/uploads\/2025\/04\/guilherme-beltrao-70x70.png\" \/>\n<meta name=\"twitter:card\" content=\"summary_large_image\" \/>\n<meta name=\"twitter:label1\" content=\"Est. reading time\" \/>\n\t<meta name=\"twitter:data1\" content=\"2 minutes\" \/>\n<script type=\"application\/ld+json\" class=\"yoast-schema-graph\">{\"@context\":\"https:\/\/schema.org\",\"@graph\":[{\"@type\":\"WebPage\",\"@id\":\"https:\/\/gilvandosouza.com\/servicos\/\",\"url\":\"https:\/\/gilvandosouza.com\/servicos\/\",\"name\":\"Servi\u00e7os - Gilvando Souza\",\"isPartOf\":{\"@id\":\"https:\/\/gilvandosouza.com\/#website\"},\"primaryImageOfPage\":{\"@id\":\"https:\/\/gilvandosouza.com\/servicos\/#primaryimage\"},\"image\":{\"@id\":\"https:\/\/gilvandosouza.com\/servicos\/#primaryimage\"},\"thumbnailUrl\":\"https:\/\/gilvandosouza.com\/wp-content\/uploads\/2025\/04\/guilherme-beltrao-70x70.png\",\"datePublished\":\"2025-02-16T05:05:40+00:00\",\"dateModified\":\"2025-04-12T03:26:28+00:00\",\"breadcrumb\":{\"@id\":\"https:\/\/gilvandosouza.com\/servicos\/#breadcrumb\"},\"inLanguage\":\"en-US\",\"potentialAction\":[{\"@type\":\"ReadAction\",\"target\":[\"https:\/\/gilvandosouza.com\/servicos\/\"]}]},{\"@type\":\"ImageObject\",\"inLanguage\":\"en-US\",\"@id\":\"https:\/\/gilvandosouza.com\/servicos\/#primaryimage\",\"url\":\"https:\/\/gilvandosouza.com\/wp-content\/uploads\/2025\/04\/guilherme-beltrao-70x70.png\",\"contentUrl\":\"https:\/\/gilvandosouza.com\/wp-content\/uploads\/2025\/04\/guilherme-beltrao-70x70.png\"},{\"@type\":\"BreadcrumbList\",\"@id\":\"https:\/\/gilvandosouza.com\/servicos\/#breadcrumb\",\"itemListElement\":[{\"@type\":\"ListItem\",\"position\":1,\"name\":\"In\u00edcio\",\"item\":\"https:\/\/gilvandosouza.com\/\"},{\"@type\":\"ListItem\",\"position\":2,\"name\":\"Servi\u00e7os\"}]},{\"@type\":\"WebSite\",\"@id\":\"https:\/\/gilvandosouza.com\/#website\",\"url\":\"https:\/\/gilvandosouza.com\/\",\"name\":\"Gilvando Souza\",\"description\":\"\",\"publisher\":{\"@id\":\"https:\/\/gilvandosouza.com\/#organization\"},\"potentialAction\":[{\"@type\":\"SearchAction\",\"target\":{\"@type\":\"EntryPoint\",\"urlTemplate\":\"https:\/\/gilvandosouza.com\/?s={search_term_string}\"},\"query-input\":{\"@type\":\"PropertyValueSpecification\",\"valueRequired\":true,\"valueName\":\"search_term_string\"}}],\"inLanguage\":\"en-US\"},{\"@type\":\"Organization\",\"@id\":\"https:\/\/gilvandosouza.com\/#organization\",\"name\":\"Gilvando Souza\",\"url\":\"https:\/\/gilvandosouza.com\/\",\"logo\":{\"@type\":\"ImageObject\",\"inLanguage\":\"en-US\",\"@id\":\"https:\/\/gilvandosouza.com\/#\/schema\/logo\/image\/\",\"url\":\"https:\/\/gilvandosouza.com\/wp-content\/uploads\/2025\/05\/gilvandosouza-color.svg\",\"contentUrl\":\"https:\/\/gilvandosouza.com\/wp-content\/uploads\/2025\/05\/gilvandosouza-color.svg\",\"width\":661,\"height\":144,\"caption\":\"Gilvando Souza\"},\"image\":{\"@id\":\"https:\/\/gilvandosouza.com\/#\/schema\/logo\/image\/\"}}]}<\/script>\n<!-- \/ Yoast SEO plugin. -->","yoast_head_json":{"title":"Servi\u00e7os - Gilvando Souza","robots":{"index":"index","follow":"follow","max-snippet":"max-snippet:-1","max-image-preview":"max-image-preview:large","max-video-preview":"max-video-preview:-1"},"canonical":"https:\/\/gilvandosouza.com\/en\/servicos\/","og_locale":"en_US","og_type":"article","og_title":"Servi\u00e7os - Gilvando Souza","og_description":"Servi\u00e7os personalizados para atender \u00e0s suas necessidades. 1 UX Design Cria\u00e7\u00e3o de experi\u00eancias intuitivas e pr\u00e1ticas, alinhadas \u00e0s necessidades dos usu\u00e1rios e objetivos do cliente. Meu trabalho inclui pesquisa, prototipagem e usabilidade para intera\u00e7\u00f5es flu\u00eddas. 2 UI Design Cria\u00e7\u00e3o de interfaces visuais que combinam est\u00e9tica e funcionalidade para garantir navega\u00e7\u00e3o intuitiva. Meu trabalho inclui prototipagem [&hellip;]","og_url":"https:\/\/gilvandosouza.com\/en\/servicos\/","og_site_name":"Gilvando Souza","article_modified_time":"2025-04-12T03:26:28+00:00","og_image":[{"url":"https:\/\/gilvandosouza.com\/wp-content\/uploads\/2025\/04\/guilherme-beltrao-70x70.png","type":"","width":"","height":""}],"twitter_card":"summary_large_image","twitter_misc":{"Est. reading time":"2 minutes"},"schema":{"@context":"https:\/\/schema.org","@graph":[{"@type":"WebPage","@id":"https:\/\/gilvandosouza.com\/servicos\/","url":"https:\/\/gilvandosouza.com\/servicos\/","name":"Servi\u00e7os - Gilvando Souza","isPartOf":{"@id":"https:\/\/gilvandosouza.com\/#website"},"primaryImageOfPage":{"@id":"https:\/\/gilvandosouza.com\/servicos\/#primaryimage"},"image":{"@id":"https:\/\/gilvandosouza.com\/servicos\/#primaryimage"},"thumbnailUrl":"https:\/\/gilvandosouza.com\/wp-content\/uploads\/2025\/04\/guilherme-beltrao-70x70.png","datePublished":"2025-02-16T05:05:40+00:00","dateModified":"2025-04-12T03:26:28+00:00","breadcrumb":{"@id":"https:\/\/gilvandosouza.com\/servicos\/#breadcrumb"},"inLanguage":"en-US","potentialAction":[{"@type":"ReadAction","target":["https:\/\/gilvandosouza.com\/servicos\/"]}]},{"@type":"ImageObject","inLanguage":"en-US","@id":"https:\/\/gilvandosouza.com\/servicos\/#primaryimage","url":"https:\/\/gilvandosouza.com\/wp-content\/uploads\/2025\/04\/guilherme-beltrao-70x70.png","contentUrl":"https:\/\/gilvandosouza.com\/wp-content\/uploads\/2025\/04\/guilherme-beltrao-70x70.png"},{"@type":"BreadcrumbList","@id":"https:\/\/gilvandosouza.com\/servicos\/#breadcrumb","itemListElement":[{"@type":"ListItem","position":1,"name":"In\u00edcio","item":"https:\/\/gilvandosouza.com\/"},{"@type":"ListItem","position":2,"name":"Servi\u00e7os"}]},{"@type":"WebSite","@id":"https:\/\/gilvandosouza.com\/#website","url":"https:\/\/gilvandosouza.com\/","name":"Gilvando Souza","description":"","publisher":{"@id":"https:\/\/gilvandosouza.com\/#organization"},"potentialAction":[{"@type":"SearchAction","target":{"@type":"EntryPoint","urlTemplate":"https:\/\/gilvandosouza.com\/?s={search_term_string}"},"query-input":{"@type":"PropertyValueSpecification","valueRequired":true,"valueName":"search_term_string"}}],"inLanguage":"en-US"},{"@type":"Organization","@id":"https:\/\/gilvandosouza.com\/#organization","name":"Gilvando Souza","url":"https:\/\/gilvandosouza.com\/","logo":{"@type":"ImageObject","inLanguage":"en-US","@id":"https:\/\/gilvandosouza.com\/#\/schema\/logo\/image\/","url":"https:\/\/gilvandosouza.com\/wp-content\/uploads\/2025\/05\/gilvandosouza-color.svg","contentUrl":"https:\/\/gilvandosouza.com\/wp-content\/uploads\/2025\/05\/gilvandosouza-color.svg","width":661,"height":144,"caption":"Gilvando Souza"},"image":{"@id":"https:\/\/gilvandosouza.com\/#\/schema\/logo\/image\/"}}]}},"_links":{"self":[{"href":"https:\/\/gilvandosouza.com\/en\/wp-json\/wp\/v2\/pages\/787","targetHints":{"allow":["GET"]}}],"collection":[{"href":"https:\/\/gilvandosouza.com\/en\/wp-json\/wp\/v2\/pages"}],"about":[{"href":"https:\/\/gilvandosouza.com\/en\/wp-json\/wp\/v2\/types\/page"}],"author":[{"embeddable":true,"href":"https:\/\/gilvandosouza.com\/en\/wp-json\/wp\/v2\/users\/1"}],"replies":[{"embeddable":true,"href":"https:\/\/gilvandosouza.com\/en\/wp-json\/wp\/v2\/comments?post=787"}],"version-history":[{"count":49,"href":"https:\/\/gilvandosouza.com\/en\/wp-json\/wp\/v2\/pages\/787\/revisions"}],"predecessor-version":[{"id":2867,"href":"https:\/\/gilvandosouza.com\/en\/wp-json\/wp\/v2\/pages\/787\/revisions\/2867"}],"wp:attachment":[{"href":"https:\/\/gilvandosouza.com\/en\/wp-json\/wp\/v2\/media?parent=787"}],"curies":[{"name":"wp","href":"https:\/\/api.w.org\/{rel}","templated":true}]}}