{"id":791,"date":"2025-02-16T10:36:11","date_gmt":"2025-02-16T05:06:11","guid":{"rendered":"https:\/\/navein.tanshcreative.com\/?page_id=791"},"modified":"2025-05-04T17:07:00","modified_gmt":"2025-05-04T17:07:00","slug":"portfolio","status":"publish","type":"page","link":"https:\/\/gilvandosouza.com\/en\/portfolio\/","title":{"rendered":"Portfolio"},"content":{"rendered":"<div data-elementor-type=\"wp-page\" data-elementor-id=\"791\" class=\"elementor elementor-791\" data-elementor-post-type=\"page\">\n\t\t\t\t<div class=\"elementor-element elementor-element-b4375ac e-flex e-con-boxed e-con e-parent\" data-id=\"b4375ac\" data-element_type=\"container\" data-e-type=\"container\">\n\t\t\t\t\t<div class=\"e-con-inner\">\n\t\t<div class=\"elementor-element elementor-element-226036d e-con-full e-flex e-con e-child\" data-id=\"226036d\" data-element_type=\"container\" data-e-type=\"container\">\n\t\t\t\t<div class=\"elementor-element elementor-element-429af5a elementor-widget elementor-widget-dtr-heading\" data-id=\"429af5a\" data-element_type=\"widget\" data-e-type=\"widget\" data-widget_type=\"dtr-heading.default\">\n\t\t\t\t<div class=\"elementor-widget-container\">\n\t\t\t\t\t\t\t<div class=\"dtr-heading-wrapper\">\r\n                \t<h2 class=\"dtr-heading\">Explore my portfolio and discover more about my work...<\/h2>\r\n        \t\t<\/div>\r\n\t\t\t\t<\/div>\n\t\t\t\t<\/div>\n\t\t\t\t<\/div>\n\t\t<div class=\"elementor-element elementor-element-a811e39 e-con-full e-flex e-con e-child\" data-id=\"a811e39\" data-element_type=\"container\" data-e-type=\"container\">\n\t\t\t\t<div class=\"elementor-element elementor-element-9b36856 elementor-widget elementor-widget-dtr-grid-portfolio\" data-id=\"9b36856\" data-element_type=\"widget\" data-e-type=\"widget\" data-widget_type=\"dtr-grid-portfolio.default\">\n\t\t\t\t<div class=\"elementor-widget-container\">\n\t\t\t\t\t<div class=\"dtr-filter-nav-wrapper\"><ul class=\"dtr-filter-nav clearfix\"><li><a class=\"dtr-filter-all active\" data-filter=\"*\" href=\"#\">All<\/a><\/li><li><a data-filter=\".design\" href=\"#\">Graphic Design<\/a><\/li><li><a data-filter=\".ux-ui-design\" href=\"#\">UX\/UI Design<\/a><\/li><li><a data-filter=\".web-desiign\" href=\"#\">Web Design<\/a><\/li><\/ul><\/div><div class=\"dtr-portfolio-grid dtr-portfolio-fitrows dtr-portfolio-grid-3col\"><div class=\"dtr-portfolio-item isotope-item design  all\"><div class=\"dtr-portfolio-item__wrapper dtr-radius--rounded\"><div class=\"dtr-portfolio-item__img\"><img fetchpriority=\"high\" decoding=\"async\" width=\"800\" height=\"800\" src=\"https:\/\/gilvandosouza.com\/wp-content\/uploads\/2025\/07\/destaque-reparcell.jpg\" class=\"attachment-full size-full wp-post-image\" alt=\"\" srcset=\"https:\/\/gilvandosouza.com\/wp-content\/uploads\/2025\/07\/destaque-reparcell.jpg 800w, https:\/\/gilvandosouza.com\/wp-content\/uploads\/2025\/07\/destaque-reparcell-300x300.jpg 300w, https:\/\/gilvandosouza.com\/wp-content\/uploads\/2025\/07\/destaque-reparcell-150x150.jpg 150w, https:\/\/gilvandosouza.com\/wp-content\/uploads\/2025\/07\/destaque-reparcell-768x768.jpg 768w, https:\/\/gilvandosouza.com\/wp-content\/uploads\/2025\/07\/destaque-reparcell-12x12.jpg 12w\" sizes=\"(max-width: 800px) 100vw, 800px\" \/><\/div><a class=\"dtr-portfolio-item__wrap-link\" href=\"https:\/\/gilvandosouza.com\/en\/portfolio\/reparcell\/\" target=\"_self\" aria-label=\"Reparcell\"><\/a><div class=\"dtr-portfolio-item__content\"><h4 class=\"dtr-portfolio-item__heading\">Reparcell<\/h4><p class=\"dtr-portfolio-item__excerpt\">Project: Visual Identity for Reparcel<\/p><a class=\"dtr-icon-btn dtr-portfolio-item__link\" href=\"https:\/\/gilvandosouza.com\/en\/portfolio\/reparcell\/\" target=\"_self\" aria-label=\"Reparcell\"><\/a><\/div><\/div><\/div><div class=\"dtr-portfolio-item isotope-item ux-ui-design  all\"><div class=\"dtr-portfolio-item__wrapper dtr-radius--rounded\"><div class=\"dtr-portfolio-item__img\"><img decoding=\"async\" width=\"800\" height=\"800\" src=\"https:\/\/gilvandosouza.com\/wp-content\/uploads\/2025\/02\/destaque_my_stand.webp\" class=\"attachment-full size-full wp-post-image\" alt=\"\" srcset=\"https:\/\/gilvandosouza.com\/wp-content\/uploads\/2025\/02\/destaque_my_stand.webp 800w, https:\/\/gilvandosouza.com\/wp-content\/uploads\/2025\/02\/destaque_my_stand-300x300.webp 300w, https:\/\/gilvandosouza.com\/wp-content\/uploads\/2025\/02\/destaque_my_stand-150x150.webp 150w, https:\/\/gilvandosouza.com\/wp-content\/uploads\/2025\/02\/destaque_my_stand-768x768.webp 768w\" sizes=\"(max-width: 800px) 100vw, 800px\" \/><\/div><a class=\"dtr-portfolio-item__wrap-link\" href=\"https:\/\/gilvandosouza.com\/en\/portfolio\/my-stand\/\" target=\"_self\" aria-label=\"My Stand\"><\/a><div class=\"dtr-portfolio-item__content\"><h4 class=\"dtr-portfolio-item__heading\">My Stand<\/h4><p class=\"dtr-portfolio-item__excerpt\">Development of the WebApp for MyStand, a management system for automotive stands.<\/p><a class=\"dtr-icon-btn dtr-portfolio-item__link\" href=\"https:\/\/gilvandosouza.com\/en\/portfolio\/my-stand\/\" target=\"_self\" aria-label=\"My Stand\"><\/a><\/div><\/div><\/div><div class=\"dtr-portfolio-item isotope-item ux-ui-design web-desiign  all\"><div class=\"dtr-portfolio-item__wrapper dtr-radius--rounded\"><div class=\"dtr-portfolio-item__img\"><img decoding=\"async\" width=\"800\" height=\"800\" src=\"https:\/\/gilvandosouza.com\/wp-content\/uploads\/2025\/05\/destaque-gdf2025.jpg\" class=\"attachment-full size-full wp-post-image\" alt=\"\" srcset=\"https:\/\/gilvandosouza.com\/wp-content\/uploads\/2025\/05\/destaque-gdf2025.jpg 800w, https:\/\/gilvandosouza.com\/wp-content\/uploads\/2025\/05\/destaque-gdf2025-300x300.jpg 300w, https:\/\/gilvandosouza.com\/wp-content\/uploads\/2025\/05\/destaque-gdf2025-150x150.jpg 150w, https:\/\/gilvandosouza.com\/wp-content\/uploads\/2025\/05\/destaque-gdf2025-768x768.jpg 768w\" sizes=\"(max-width: 800px) 100vw, 800px\" \/><\/div><a class=\"dtr-portfolio-item__wrap-link\" href=\"https:\/\/gilvandosouza.com\/en\/portfolio\/gdf-2025\/\" target=\"_self\" aria-label=\"GDF 2025\"><\/a><div class=\"dtr-portfolio-item__content\"><h4 class=\"dtr-portfolio-item__heading\">GDF 2025<\/h4><p class=\"dtr-portfolio-item__excerpt\">Design and development of the website for the GoExplosion Festival event. <\/p><a class=\"dtr-icon-btn dtr-portfolio-item__link\" href=\"https:\/\/gilvandosouza.com\/en\/portfolio\/gdf-2025\/\" target=\"_self\" aria-label=\"GDF 2025\"><\/a><\/div><\/div><\/div><\/div>\t\t\t\t<\/div>\n\t\t\t\t<\/div>\n\t\t\t\t<\/div>\n\t\t\t\t\t<\/div>\n\t\t\t\t<\/div>\n\t\t\t\t<\/div>","protected":false},"excerpt":{"rendered":"<p>Explore o portf\u00f3lio e descubra mais do sobre o meu trabalho&#8230; Todos UX\/UI Design Web Design My Stand Desenvolvimento do WebApp para o MyStand, um sistema de gest\u00e3o de stands autom\u00f3veis. GDF 2025 Cria\u00e7\u00e3o e desenvolvimento do site para o evento GoExplosion Festival.<\/p>","protected":false},"author":1,"featured_media":0,"parent":0,"menu_order":0,"comment_status":"closed","ping_status":"closed","template":"","meta":{"footnotes":""},"class_list":["post-791","page","type-page","status-publish","hentry"],"yoast_head":"<!-- This site is optimized with the Yoast SEO plugin v26.9 - https:\/\/yoast.com\/product\/yoast-seo-wordpress\/ -->\n<title>Portf\u00f3lio - Gilvando Souza<\/title>\n<meta name=\"robots\" content=\"index, follow, max-snippet:-1, max-image-preview:large, max-video-preview:-1\" \/>\n<link rel=\"canonical\" href=\"https:\/\/gilvandosouza.com\/en\/portfolio\/\" \/>\n<meta property=\"og:locale\" content=\"en_US\" \/>\n<meta property=\"og:type\" content=\"article\" \/>\n<meta property=\"og:title\" content=\"Portf\u00f3lio - Gilvando Souza\" \/>\n<meta property=\"og:description\" content=\"Explore o portf\u00f3lio e descubra mais do sobre o meu trabalho&#8230; Todos UX\/UI Design Web Design My Stand Desenvolvimento do WebApp para o MyStand, um sistema de gest\u00e3o de stands autom\u00f3veis. GDF 2025 Cria\u00e7\u00e3o e desenvolvimento do site para o evento GoExplosion Festival.\" \/>\n<meta property=\"og:url\" content=\"https:\/\/gilvandosouza.com\/en\/portfolio\/\" \/>\n<meta property=\"og:site_name\" content=\"Gilvando Souza\" \/>\n<meta property=\"article:modified_time\" content=\"2025-05-04T17:07:00+00:00\" \/>\n<meta property=\"og:image\" content=\"http:\/\/gilvandosouza.com\/wp-content\/uploads\/2025\/02\/destaque_my_stand.webp\" \/>\n<meta name=\"twitter:card\" content=\"summary_large_image\" \/>\n<script type=\"application\/ld+json\" class=\"yoast-schema-graph\">{\"@context\":\"https:\/\/schema.org\",\"@graph\":[{\"@type\":\"WebPage\",\"@id\":\"https:\/\/gilvandosouza.com\/portfolio\/\",\"url\":\"https:\/\/gilvandosouza.com\/portfolio\/\",\"name\":\"Portf\u00f3lio - Gilvando Souza\",\"isPartOf\":{\"@id\":\"https:\/\/gilvandosouza.com\/#website\"},\"primaryImageOfPage\":{\"@id\":\"https:\/\/gilvandosouza.com\/portfolio\/#primaryimage\"},\"image\":{\"@id\":\"https:\/\/gilvandosouza.com\/portfolio\/#primaryimage\"},\"thumbnailUrl\":\"http:\/\/gilvandosouza.com\/wp-content\/uploads\/2025\/02\/destaque_my_stand.webp\",\"datePublished\":\"2025-02-16T05:06:11+00:00\",\"dateModified\":\"2025-05-04T17:07:00+00:00\",\"breadcrumb\":{\"@id\":\"https:\/\/gilvandosouza.com\/portfolio\/#breadcrumb\"},\"inLanguage\":\"en-US\",\"potentialAction\":[{\"@type\":\"ReadAction\",\"target\":[\"https:\/\/gilvandosouza.com\/portfolio\/\"]}]},{\"@type\":\"ImageObject\",\"inLanguage\":\"en-US\",\"@id\":\"https:\/\/gilvandosouza.com\/portfolio\/#primaryimage\",\"url\":\"http:\/\/gilvandosouza.com\/wp-content\/uploads\/2025\/02\/destaque_my_stand.webp\",\"contentUrl\":\"http:\/\/gilvandosouza.com\/wp-content\/uploads\/2025\/02\/destaque_my_stand.webp\"},{\"@type\":\"BreadcrumbList\",\"@id\":\"https:\/\/gilvandosouza.com\/portfolio\/#breadcrumb\",\"itemListElement\":[{\"@type\":\"ListItem\",\"position\":1,\"name\":\"In\u00edcio\",\"item\":\"https:\/\/gilvandosouza.com\/\"},{\"@type\":\"ListItem\",\"position\":2,\"name\":\"Portf\u00f3lio\"}]},{\"@type\":\"WebSite\",\"@id\":\"https:\/\/gilvandosouza.com\/#website\",\"url\":\"https:\/\/gilvandosouza.com\/\",\"name\":\"Gilvando Souza\",\"description\":\"\",\"publisher\":{\"@id\":\"https:\/\/gilvandosouza.com\/#organization\"},\"potentialAction\":[{\"@type\":\"SearchAction\",\"target\":{\"@type\":\"EntryPoint\",\"urlTemplate\":\"https:\/\/gilvandosouza.com\/?s={search_term_string}\"},\"query-input\":{\"@type\":\"PropertyValueSpecification\",\"valueRequired\":true,\"valueName\":\"search_term_string\"}}],\"inLanguage\":\"en-US\"},{\"@type\":\"Organization\",\"@id\":\"https:\/\/gilvandosouza.com\/#organization\",\"name\":\"Gilvando Souza\",\"url\":\"https:\/\/gilvandosouza.com\/\",\"logo\":{\"@type\":\"ImageObject\",\"inLanguage\":\"en-US\",\"@id\":\"https:\/\/gilvandosouza.com\/#\/schema\/logo\/image\/\",\"url\":\"https:\/\/gilvandosouza.com\/wp-content\/uploads\/2025\/05\/gilvandosouza-color.svg\",\"contentUrl\":\"https:\/\/gilvandosouza.com\/wp-content\/uploads\/2025\/05\/gilvandosouza-color.svg\",\"width\":661,\"height\":144,\"caption\":\"Gilvando Souza\"},\"image\":{\"@id\":\"https:\/\/gilvandosouza.com\/#\/schema\/logo\/image\/\"}}]}<\/script>\n<!-- \/ Yoast SEO plugin. -->","yoast_head_json":{"title":"Portf\u00f3lio - Gilvando Souza","robots":{"index":"index","follow":"follow","max-snippet":"max-snippet:-1","max-image-preview":"max-image-preview:large","max-video-preview":"max-video-preview:-1"},"canonical":"https:\/\/gilvandosouza.com\/en\/portfolio\/","og_locale":"en_US","og_type":"article","og_title":"Portf\u00f3lio - Gilvando Souza","og_description":"Explore o portf\u00f3lio e descubra mais do sobre o meu trabalho&#8230; Todos UX\/UI Design Web Design My Stand Desenvolvimento do WebApp para o MyStand, um sistema de gest\u00e3o de stands autom\u00f3veis. GDF 2025 Cria\u00e7\u00e3o e desenvolvimento do site para o evento GoExplosion Festival.","og_url":"https:\/\/gilvandosouza.com\/en\/portfolio\/","og_site_name":"Gilvando Souza","article_modified_time":"2025-05-04T17:07:00+00:00","og_image":[{"url":"http:\/\/gilvandosouza.com\/wp-content\/uploads\/2025\/02\/destaque_my_stand.webp","type":"","width":"","height":""}],"twitter_card":"summary_large_image","schema":{"@context":"https:\/\/schema.org","@graph":[{"@type":"WebPage","@id":"https:\/\/gilvandosouza.com\/portfolio\/","url":"https:\/\/gilvandosouza.com\/portfolio\/","name":"Portf\u00f3lio - Gilvando Souza","isPartOf":{"@id":"https:\/\/gilvandosouza.com\/#website"},"primaryImageOfPage":{"@id":"https:\/\/gilvandosouza.com\/portfolio\/#primaryimage"},"image":{"@id":"https:\/\/gilvandosouza.com\/portfolio\/#primaryimage"},"thumbnailUrl":"http:\/\/gilvandosouza.com\/wp-content\/uploads\/2025\/02\/destaque_my_stand.webp","datePublished":"2025-02-16T05:06:11+00:00","dateModified":"2025-05-04T17:07:00+00:00","breadcrumb":{"@id":"https:\/\/gilvandosouza.com\/portfolio\/#breadcrumb"},"inLanguage":"en-US","potentialAction":[{"@type":"ReadAction","target":["https:\/\/gilvandosouza.com\/portfolio\/"]}]},{"@type":"ImageObject","inLanguage":"en-US","@id":"https:\/\/gilvandosouza.com\/portfolio\/#primaryimage","url":"http:\/\/gilvandosouza.com\/wp-content\/uploads\/2025\/02\/destaque_my_stand.webp","contentUrl":"http:\/\/gilvandosouza.com\/wp-content\/uploads\/2025\/02\/destaque_my_stand.webp"},{"@type":"BreadcrumbList","@id":"https:\/\/gilvandosouza.com\/portfolio\/#breadcrumb","itemListElement":[{"@type":"ListItem","position":1,"name":"In\u00edcio","item":"https:\/\/gilvandosouza.com\/"},{"@type":"ListItem","position":2,"name":"Portf\u00f3lio"}]},{"@type":"WebSite","@id":"https:\/\/gilvandosouza.com\/#website","url":"https:\/\/gilvandosouza.com\/","name":"Gilvando Souza","description":"","publisher":{"@id":"https:\/\/gilvandosouza.com\/#organization"},"potentialAction":[{"@type":"SearchAction","target":{"@type":"EntryPoint","urlTemplate":"https:\/\/gilvandosouza.com\/?s={search_term_string}"},"query-input":{"@type":"PropertyValueSpecification","valueRequired":true,"valueName":"search_term_string"}}],"inLanguage":"en-US"},{"@type":"Organization","@id":"https:\/\/gilvandosouza.com\/#organization","name":"Gilvando Souza","url":"https:\/\/gilvandosouza.com\/","logo":{"@type":"ImageObject","inLanguage":"en-US","@id":"https:\/\/gilvandosouza.com\/#\/schema\/logo\/image\/","url":"https:\/\/gilvandosouza.com\/wp-content\/uploads\/2025\/05\/gilvandosouza-color.svg","contentUrl":"https:\/\/gilvandosouza.com\/wp-content\/uploads\/2025\/05\/gilvandosouza-color.svg","width":661,"height":144,"caption":"Gilvando Souza"},"image":{"@id":"https:\/\/gilvandosouza.com\/#\/schema\/logo\/image\/"}}]}},"_links":{"self":[{"href":"https:\/\/gilvandosouza.com\/en\/wp-json\/wp\/v2\/pages\/791","targetHints":{"allow":["GET"]}}],"collection":[{"href":"https:\/\/gilvandosouza.com\/en\/wp-json\/wp\/v2\/pages"}],"about":[{"href":"https:\/\/gilvandosouza.com\/en\/wp-json\/wp\/v2\/types\/page"}],"author":[{"embeddable":true,"href":"https:\/\/gilvandosouza.com\/en\/wp-json\/wp\/v2\/users\/1"}],"replies":[{"embeddable":true,"href":"https:\/\/gilvandosouza.com\/en\/wp-json\/wp\/v2\/comments?post=791"}],"version-history":[{"count":11,"href":"https:\/\/gilvandosouza.com\/en\/wp-json\/wp\/v2\/pages\/791\/revisions"}],"predecessor-version":[{"id":2965,"href":"https:\/\/gilvandosouza.com\/en\/wp-json\/wp\/v2\/pages\/791\/revisions\/2965"}],"wp:attachment":[{"href":"https:\/\/gilvandosouza.com\/en\/wp-json\/wp\/v2\/media?parent=791"}],"curies":[{"name":"wp","href":"https:\/\/api.w.org\/{rel}","templated":true}]}}